{"id":4040,"date":"2025-05-25T17:17:08","date_gmt":"2025-05-25T17:17:08","guid":{"rendered":"https:\/\/nordiskhug.se\/?post_type=product&#038;p=4040"},"modified":"2026-04-06T16:42:18","modified_gmt":"2026-04-06T16:42:18","slug":"orm-vandringsstav","status":"publish","type":"product","link":"https:\/\/nordiskhug.se\/en\/product\/orm-vandringsstav\/","title":{"rendered":"Kraftfull Vandringsstav Orm"},"content":{"rendered":"<p>Vandringsstav Orm \u00e4r helt skuren ur ett stycke europeisk ask, den h\u00e4r vandringsstaven har ett maskinellt(<a href=\"https:\/\/nordiskhug.se\/en\/om\/#produktion\">se<\/a>) och handt\u00e4ljt nordiskt m\u00f6nster, gjort av mig. Det \u00e4r vackra m\u00f6nstret \u00e4r en reflektion av min tanke. \u00d6verlappande fl\u00e4tade m\u00f6nster, vad jag kallar &#8221;nordisktanke stil&#8221;. Tomma och sj\u00e4lfulla \u00f6gon har den skurna orm. Skuren ur ett stycke s\u00e5 att inga delar kan bli i otakt, ett levande stycke behandlat med en kombination av Herdins furutj\u00e4ra och sedan kallpressad linolja fr\u00e5n V\u00e4rmlands linkompani.<\/p>\n<p>Denna \u00e4r gjord i nordisktanke stil en i en begr\u00e4nsad serie p\u00e5 300-600stycken, innan jag g\u00f6r n\u00e4sta stavvarelse. Ett levande, begr\u00e4nsat, konststycke. Ask \u00e4r ett t\u00e5ligt tr\u00e4slag styrkelinjerna g\u00e5r fr\u00e5n topp till botten. Ask var synonymt med spjut (fornnordiskans askr) f\u00f6r sin t\u00e5lighet, styrka och relativt l\u00e4tta vikt. Tillverkad utan n\u00e5gra syntetmaterial eller kemikalier.<\/p>\n<p>&nbsp;<\/p>\n<div style=\"width: 1290px;\" class=\"wp-video\"><video class=\"wp-video-shortcode\" id=\"video-4040-1\" width=\"1290\" height=\"726\" preload=\"metadata\" controls=\"controls\"><source type=\"video\/mp4\" src=\"https:\/\/nordiskhug.se\/wp-content\/uploads\/2025\/05\/Movie00147.mp4?_=1\" \/><a href=\"https:\/\/nordiskhug.se\/wp-content\/uploads\/2025\/05\/Movie00147.mp4\">https:\/\/nordiskhug.se\/wp-content\/uploads\/2025\/05\/Movie00147.mp4<\/a><\/video><\/div>\n<p>&nbsp;<\/p>\n<h5>Vandringsstav Orm i europeisk ask<\/h5>\n<p>En utm\u00e4rkt skuren Vandringsstav, gjord i sverige av en talangfull tr\u00e4t\u00e4ljare.<br \/>\n\u2713 Maskin och handt\u00e4ljd stav, rikt skuren<br \/>\n\u2713 Begr\u00e4nsad serie<br \/>\n\u2713 En solid och vacker vandringsstav gjord ur ett stycke ask<br \/>\n\u2713 Giftfri<\/p>\n<p>Alla \u00e4r snarlika, men ingen identisk, de \u00e4r unika sett till tr\u00e4\u00e5dring och f\u00e4rg.<br \/>\nDen 111-114cm l\u00e5ng v\u00e4ger ca 530gram<\/p>\n<div class=\"entry-content-asset videofit\"><iframe loading=\"lazy\" title=\"Lille orm av ask finns h\u00e4r https:\/\/nordiskhug.se\/produkt\/orm-vandringsstav\/\" width=\"720\" height=\"405\" src=\"https:\/\/www.youtube.com\/embed\/uOtVp-DSu2U?feature=oembed\" frameborder=\"0\" allow=\"accelerometer; autoplay; clipboard-write; encrypted-media; gyroscope; picture-in-picture; web-share\" referrerpolicy=\"strict-origin-when-cross-origin\" allowfullscreen><\/iframe><\/div>\n<p>&nbsp;<\/p>\n<p>&nbsp;<\/p>\n<p>Mer coola grejer <a title=\"youtube\" href=\"https:\/\/www.youtube.com\/@Nordiskhug\/shorts\" target=\"_blank\" rel=\"noopener\">youtube<\/a><\/p>\n<p>Mer coola grejer <a title=\"h\u00e5gens stavar\" href=\"https:\/\/nordiskhug.se\/en\/stav\/\">h\u00e5gens stavar<\/a><\/p>","protected":false},"excerpt":{"rendered":"<p>Vandringsstav &#8221;orm&#8221; \u00e4r skuren i europeisk ask. Vandringsstav i lagom l\u00e4ngd f\u00f6r transportera i bilen till ett vandringsp\u00e5r, och \u00e4r inte otymplig i skogen. Stadig och stabil, f\u00f6r att b\u00e4ra din vikt utan att brytas, en s\u00e4ker fots\u00e4ttningsguide i skogen.<\/p>","protected":false},"featured_media":4029,"comment_status":"open","ping_status":"closed","template":"","meta":{"_EventAllDay":false,"_EventTimezone":"","_EventStartDate":"","_EventEndDate":"","_EventStartDateUTC":"","_EventEndDateUTC":"","_EventShowMap":false,"_EventShowMapLink":false,"_EventURL":"","_EventCost":"","_EventCostDescription":"","_EventCurrencySymbol":"","_EventCurrencyCode":"","_EventCurrencyPosition":"","_EventDateTimeSeparator":"","_EventTimeRangeSeparator":"","_EventOrganizerID":[],"_EventVenueID":[],"_OrganizerEmail":"","_OrganizerPhone":"","_OrganizerWebsite":"","_VenueAddress":"","_VenueCity":"","_VenueCountry":"","_VenueProvince":"","_VenueState":"","_VenueZip":"","_VenuePhone":"","_VenueURL":"","_VenueStateProvince":"","_VenueLat":"","_VenueLng":"","_VenueShowMap":false,"_VenueShowMapLink":false,"_kadence_starter_templates_imported_post":true,"_kad_post_transparent":"default","_kad_post_title":"","_kad_post_layout":"default","_kad_post_sidebar_id":"","_kad_post_content_style":"default","_kad_post_vertical_padding":"default","_kad_post_feature":"","_kad_post_feature_position":"","_kad_post_header":false,"_kad_post_footer":false,"_kad_post_classname":""},"product_brand":[],"product_cat":[30],"product_tag":[],"class_list":{"0":"post-4040","1":"product","2":"type-product","3":"status-publish","4":"has-post-thumbnail","6":"product_cat-vandring","8":"first","9":"instock","10":"sale","11":"taxable","12":"shipping-taxable","13":"purchasable","14":"product-type-simple","15":"entry","16":"content-bg","17":"loop-entry"},"_links":{"self":[{"href":"https:\/\/nordiskhug.se\/en\/wp-json\/wp\/v2\/product\/4040","targetHints":{"allow":["GET"]}}],"collection":[{"href":"https:\/\/nordiskhug.se\/en\/wp-json\/wp\/v2\/product"}],"about":[{"href":"https:\/\/nordiskhug.se\/en\/wp-json\/wp\/v2\/types\/product"}],"replies":[{"embeddable":true,"href":"https:\/\/nordiskhug.se\/en\/wp-json\/wp\/v2\/comments?post=4040"}],"wp:featuredmedia":[{"embeddable":true,"href":"https:\/\/nordiskhug.se\/en\/wp-json\/wp\/v2\/media\/4029"}],"wp:attachment":[{"href":"https:\/\/nordiskhug.se\/en\/wp-json\/wp\/v2\/media?parent=4040"}],"wp:term":[{"taxonomy":"product_brand","embeddable":true,"href":"https:\/\/nordiskhug.se\/en\/wp-json\/wp\/v2\/product_brand?post=4040"},{"taxonomy":"product_cat","embeddable":true,"href":"https:\/\/nordiskhug.se\/en\/wp-json\/wp\/v2\/product_cat?post=4040"},{"taxonomy":"product_tag","embeddable":true,"href":"https:\/\/nordiskhug.se\/en\/wp-json\/wp\/v2\/product_tag?post=4040"}],"curies":[{"name":"wp","href":"https:\/\/api.w.org\/{rel}","templated":true}]}}