{"id":4130,"date":"2025-08-10T18:46:07","date_gmt":"2025-08-10T18:46:07","guid":{"rendered":"https:\/\/nordiskhug.se\/?post_type=product&#038;p=4130"},"modified":"2026-04-06T16:41:44","modified_gmt":"2026-04-06T16:41:44","slug":"lacker-stekspatel","status":"publish","type":"product","link":"https:\/\/nordiskhug.se\/en\/product\/lacker-stekspatel\/","title":{"rendered":"L\u00e4cker stekspatel"},"content":{"rendered":"<div class=\"woocommerce-product-details__short-description\">\n<p>Stekspatel\/degspatel skuren i svenskv\u00e4xt, v\u00e4rml\u00e4ndsk l\u00f6nn, den h\u00e4r stekspateln har ett maskinellt(<a title=\"se\" href=\"https:\/\/www.youtube.com\/watch?v=obMwwWrmWeM\" target=\"_blank\" rel=\"noopener\">se<\/a>) och handt\u00e4ljt nordiskt m\u00f6nster, gjort av mig. Det \u00e4r vackra m\u00f6nstret \u00e4r en reflektion av min tanke. \u00d6verlappande fl\u00e4tade m\u00f6nster, vad jag kallar &#8221;nordisktanke stil&#8221;. T\u00e4ljd ur ett stycke kluvet och hyvlat v\u00e4rml\u00e4ndsk l\u00f6nn. En stiligt skuren sked ytbehandlat med kallpressad linolja fr\u00e5n <a title=\"Holistic\" href=\"https:\/\/www.holistic.se\/linfroeolja-ekologisk-krav-250-ml?gad_source=1&amp;gad_campaignid=19034254941&amp;gbraid=0AAAAAobP0H0vVS0ragTS2LXC8yeDv1LpD&amp;gclid=EAIaIQobChMIoqvYiOiZjgMVbF6RBR3-yglqEAQYASABEgJSH_D_BwE\" target=\"_blank\" rel=\"noopener\">Holistic<\/a> och kokande vatten. Den ekologiska linfr\u00f6oljan \u00e4r kallpressad fr\u00e5n svenska linfr\u00f6n i Sverige och restprodukten anv\u00e4nds som ekologiskt djurfoder.<\/p>\n<h5><a title=\"Youtube short\" href=\"https:\/\/www.youtube.com\/watch?v=2LeTDnoxvdA\" target=\"_blank\" rel=\"noopener\">Youtube Short<\/a> video p\u00e5 Stekspatel\/degspatel<\/h5>\n<p>Denna \u00e4r gjord i nordisktanke stil, ett unikt och funktionellt konststycke. L\u00f6nn \u00e4r ett ganska h\u00e5rt tr\u00e4slag, som \u00e4r &#8221;t\u00e4t&#8221;, formstabilt och b\u00f6jbart. Tillverkad utan n\u00e5gra syntetmaterial eller kemikalier.<\/p>\n<\/div>\n<p>&nbsp;<\/p>","protected":false},"excerpt":{"rendered":"<p>En vackert skuren stekspatel\/degspatel i svenskv\u00e4xt, v\u00e4rml\u00e4ndsk l\u00f6nn, unik och t\u00e5lig. Tillverkad utan n\u00e5gra syntetmaterial eller kemikalier.<\/p>","protected":false},"featured_media":4137,"comment_status":"open","ping_status":"closed","template":"","meta":{"_EventAllDay":false,"_EventTimezone":"","_EventStartDate":"","_EventEndDate":"","_EventStartDateUTC":"","_EventEndDateUTC":"","_EventShowMap":false,"_EventShowMapLink":false,"_EventURL":"","_EventCost":"","_EventCostDescription":"","_EventCurrencySymbol":"","_EventCurrencyCode":"","_EventCurrencyPosition":"","_EventDateTimeSeparator":"","_EventTimeRangeSeparator":"","_EventOrganizerID":[],"_EventVenueID":[],"_OrganizerEmail":"","_OrganizerPhone":"","_OrganizerWebsite":"","_VenueAddress":"","_VenueCity":"","_VenueCountry":"","_VenueProvince":"","_VenueState":"","_VenueZip":"","_VenuePhone":"","_VenueURL":"","_VenueStateProvince":"","_VenueLat":"","_VenueLng":"","_VenueShowMap":false,"_VenueShowMapLink":false,"_kadence_starter_templates_imported_post":true,"_kad_post_transparent":"default","_kad_post_title":"","_kad_post_layout":"default","_kad_post_sidebar_id":"","_kad_post_content_style":"default","_kad_post_vertical_padding":"default","_kad_post_feature":"","_kad_post_feature_position":"","_kad_post_header":false,"_kad_post_footer":false,"_kad_post_classname":""},"product_brand":[],"product_cat":[30],"product_tag":[],"class_list":{"0":"post-4130","1":"product","2":"type-product","3":"status-publish","4":"has-post-thumbnail","6":"product_cat-vandring","8":"first","9":"instock","10":"sale","11":"taxable","12":"shipping-taxable","13":"purchasable","14":"product-type-simple","15":"entry","16":"content-bg","17":"loop-entry"},"_links":{"self":[{"href":"https:\/\/nordiskhug.se\/en\/wp-json\/wp\/v2\/product\/4130","targetHints":{"allow":["GET"]}}],"collection":[{"href":"https:\/\/nordiskhug.se\/en\/wp-json\/wp\/v2\/product"}],"about":[{"href":"https:\/\/nordiskhug.se\/en\/wp-json\/wp\/v2\/types\/product"}],"replies":[{"embeddable":true,"href":"https:\/\/nordiskhug.se\/en\/wp-json\/wp\/v2\/comments?post=4130"}],"wp:featuredmedia":[{"embeddable":true,"href":"https:\/\/nordiskhug.se\/en\/wp-json\/wp\/v2\/media\/4137"}],"wp:attachment":[{"href":"https:\/\/nordiskhug.se\/en\/wp-json\/wp\/v2\/media?parent=4130"}],"wp:term":[{"taxonomy":"product_brand","embeddable":true,"href":"https:\/\/nordiskhug.se\/en\/wp-json\/wp\/v2\/product_brand?post=4130"},{"taxonomy":"product_cat","embeddable":true,"href":"https:\/\/nordiskhug.se\/en\/wp-json\/wp\/v2\/product_cat?post=4130"},{"taxonomy":"product_tag","embeddable":true,"href":"https:\/\/nordiskhug.se\/en\/wp-json\/wp\/v2\/product_tag?post=4130"}],"curies":[{"name":"wp","href":"https:\/\/api.w.org\/{rel}","templated":true}]}}