{"id":4158,"date":"2026-03-12T21:06:25","date_gmt":"2026-03-12T21:06:25","guid":{"rendered":"https:\/\/nordiskhug.se\/?post_type=product&#038;p=4158"},"modified":"2026-04-06T16:41:11","modified_gmt":"2026-04-06T16:41:11","slug":"smiden-kniv-varg","status":"publish","type":"product","link":"https:\/\/nordiskhug.se\/en\/product\/smiden-kniv-varg\/","title":{"rendered":"Smiden kniv varg"},"content":{"rendered":"<p>Varg \u00e4r en kniv i ask designat i vad jag kallar &#8221;nordisktanke stil&#8221; \u00f6verlappande fl\u00e4tade m\u00f6nster, en reflektion av min tanke bunden i tr\u00e4, inspirerat W\u00e4rmlands l\u00e4ns landskapsdjur. En skarp allroundkniv i Uhb 20c kolst\u00e5l, med falsbens m\u00f6nstrad knivslida i svenskt vegetabiliskt garvad l\u00e4der fr\u00e5n T\u00e4rnsj\u00f6.<\/p>\n<p>Ett stycke skuren ask och Uddeholmst\u00e5l fastsatt med naturligt lim fr\u00e5n claessons tr\u00e4tj\u00e4ra behandlat med en kombination av kallpressad linolja fr\u00e5n V\u00e4rmlands linkompani, lokalt bivax och en gnutta k\u00e5da. Varje l\u00e4ckert stycke tillverkas med omsorg av mig, d\u00e4r kombinationen av traditionellt hantverk och modern teknik skapar snidade och smidda produkter som ska h\u00e5lla i generationer.<\/p>\n<p>Denna \u00e4r gjord i nordisktanke stil, ett levande, begr\u00e4nsat, konststycke. Ask \u00e4r ett t\u00e5ligt tr\u00e4slag styrkelinjerna g\u00e5r fr\u00e5n topp till botten. Ask var synonymt med spjut (fornnordiskans askr) f\u00f6r sin t\u00e5lighet, styrka och relativt l\u00e4tta vikt. Tillverkad utan n\u00e5gra syntetmaterial eller kemikalier.<\/p>\n<div id=\"shorts-panel-container\" class=\"style-scope ytd-shorts\">\n<div id=\"anchored-panel\" class=\"anchored-panel style-scope ytd-shorts\">\n<div id=\"content\" class=\"style-scope ytd-engagement-panel-section-list-renderer\">\n<div id=\"items\" class=\"style-scope ytd-structured-description-content-renderer\">\n<div id=\"source-attributions-wrapper\" class=\"style-scope ytd-expandable-video-description-body-renderer\"><\/div>\n<\/div>\n<\/div>\n<div id=\"footer\" class=\"style-scope ytd-engagement-panel-section-list-renderer\"><\/div>\n<\/div>\n<\/div>\n<p><iframe loading=\"lazy\" title=\"Smiden kniv varg\" width=\"563\" height=\"1000\" src=\"https:\/\/www.youtube.com\/embed\/Se5gsgVdzxc?feature=oembed\" frameborder=\"0\" allow=\"accelerometer; autoplay; clipboard-write; encrypted-media; gyroscope; picture-in-picture; web-share\" referrerpolicy=\"strict-origin-when-cross-origin\" allowfullscreen><\/iframe><\/p>\n<h5><\/h5>\n<h5><span id=\"snippet-text\" class=\"style-scope ytd-text-inline-expander\"><span id=\"plain-snippet-text\" class=\"style-scope ytd-text-inline-expander\">Smiden kniv varg av ask och <\/span><\/span>UHB st\u00e5l<\/h5>\n<p>En v\u00e4lgjord kniv, tillverkad i Sverige av en talangfull tr\u00e4t\u00e4ljare.<br \/>\n\u2713 Maskin och handt\u00e4ljd kniv, rikt skuren<br \/>\n\u2713 Uddeholm st\u00e5l<br \/>\n\u2713 Svenskt vegetabiliskt garvat l\u00e4der fr\u00e5n t\u00e4rnsj\u00f6<br \/>\n\u2713 Inget syntet<\/p>\n<p>Alla \u00e4r snarlika, men ingen identisk, de \u00e4r unika sett till tr\u00e4\u00e5dring och f\u00e4rg.<\/p>\n<p>&nbsp;<\/p>\n<p><a href=\"https:\/\/www.youtube.com\/@Nordiskhug\/shorts\" target=\"_blank\" rel=\"noopener\">Fler coola grejer<\/a><\/p>\n<p><a href=\"https:\/\/nordiskhug.se\/en\/hugen\/\">Hugins favor<\/a><\/p>\n<p>&nbsp;<\/p>\n<p>&nbsp;<\/p>\n<p>Knivbladets l\u00e4ngd ca 11,5cm, hel l\u00e4ngd ca 23,5cm.<\/p>\n<p>&nbsp;<\/p>","protected":false},"excerpt":{"rendered":"<p><span id=\"snippet-text\" class=\"style-scope ytd-text-inline-expander\"><span id=\"plain-snippet-text\" class=\"style-scope ytd-text-inline-expander\">Smiden kniv varg av ask och<\/span><\/span><span class=\"style-scope ytd-text-inline-expander\"><span class=\"style-scope ytd-text-inline-expander\"> kolst\u00e5l. <\/span><\/span>Skuren i europeisk ask. En skarp allroundkniv i &#8221;nordisktanke stil&#8221; f\u00f6r vandring eller vad som helst, en skalpell till konststycke.<\/p>","protected":false},"featured_media":4159,"comment_status":"open","ping_status":"closed","template":"","meta":{"_EventAllDay":false,"_EventTimezone":"","_EventStartDate":"","_EventEndDate":"","_EventStartDateUTC":"","_EventEndDateUTC":"","_EventShowMap":false,"_EventShowMapLink":false,"_EventURL":"","_EventCost":"","_EventCostDescription":"","_EventCurrencySymbol":"","_EventCurrencyCode":"","_EventCurrencyPosition":"","_EventDateTimeSeparator":"","_EventTimeRangeSeparator":"","_EventOrganizerID":[],"_EventVenueID":[],"_OrganizerEmail":"","_OrganizerPhone":"","_OrganizerWebsite":"","_VenueAddress":"","_VenueCity":"","_VenueCountry":"","_VenueProvince":"","_VenueState":"","_VenueZip":"","_VenuePhone":"","_VenueURL":"","_VenueStateProvince":"","_VenueLat":"","_VenueLng":"","_VenueShowMap":false,"_VenueShowMapLink":false,"_kadence_starter_templates_imported_post":true,"_kad_post_transparent":"default","_kad_post_title":"","_kad_post_layout":"default","_kad_post_sidebar_id":"","_kad_post_content_style":"default","_kad_post_vertical_padding":"default","_kad_post_feature":"","_kad_post_feature_position":"","_kad_post_header":false,"_kad_post_footer":false,"_kad_post_classname":""},"product_brand":[],"product_cat":[30],"product_tag":[],"class_list":{"0":"post-4158","1":"product","2":"type-product","3":"status-publish","4":"has-post-thumbnail","6":"product_cat-vandring","8":"first","9":"instock","10":"sale","11":"taxable","12":"shipping-taxable","13":"purchasable","14":"product-type-simple","15":"entry","16":"content-bg","17":"loop-entry"},"_links":{"self":[{"href":"https:\/\/nordiskhug.se\/en\/wp-json\/wp\/v2\/product\/4158","targetHints":{"allow":["GET"]}}],"collection":[{"href":"https:\/\/nordiskhug.se\/en\/wp-json\/wp\/v2\/product"}],"about":[{"href":"https:\/\/nordiskhug.se\/en\/wp-json\/wp\/v2\/types\/product"}],"replies":[{"embeddable":true,"href":"https:\/\/nordiskhug.se\/en\/wp-json\/wp\/v2\/comments?post=4158"}],"wp:featuredmedia":[{"embeddable":true,"href":"https:\/\/nordiskhug.se\/en\/wp-json\/wp\/v2\/media\/4159"}],"wp:attachment":[{"href":"https:\/\/nordiskhug.se\/en\/wp-json\/wp\/v2\/media?parent=4158"}],"wp:term":[{"taxonomy":"product_brand","embeddable":true,"href":"https:\/\/nordiskhug.se\/en\/wp-json\/wp\/v2\/product_brand?post=4158"},{"taxonomy":"product_cat","embeddable":true,"href":"https:\/\/nordiskhug.se\/en\/wp-json\/wp\/v2\/product_cat?post=4158"},{"taxonomy":"product_tag","embeddable":true,"href":"https:\/\/nordiskhug.se\/en\/wp-json\/wp\/v2\/product_tag?post=4158"}],"curies":[{"name":"wp","href":"https:\/\/api.w.org\/{rel}","templated":true}]}}